{"id":958,"date":"2026-04-03T14:59:48","date_gmt":"2026-04-03T14:59:48","guid":{"rendered":"https:\/\/ferreya.cl\/?post_type=product&#038;p=958"},"modified":"2026-04-03T15:07:30","modified_gmt":"2026-04-03T15:07:30","slug":"set-espatulas-metalicas-borde-liso-60-mm-100-mm-y-140-mm","status":"publish","type":"product","link":"https:\/\/ferreya.cl\/index.php\/producto\/set-espatulas-metalicas-borde-liso-60-mm-100-mm-y-140-mm\/","title":{"rendered":"Set Esp\u00e1tulas Met\u00e1licas Borde Liso 60 Mm 100 Mm Y 140 Mm"},"content":{"rendered":"<p>ESP\u00c1TULA MET\u00c1LICA ACERO BORDE LISO<\/p>\n<p>Set de 3 Esp\u00e1tulas<\/p>\n<p>Contiene 1 Esp\u00e1tula de 140 mm 1 Esp\u00e1tula de 100 mm 1 Esp\u00e1tula de 60 mm Mango de madera pulida.<\/p>\n<p>Hoja de acero templado flexible.<\/p>\n<p>Ensamble con remache doble ultra seguro<\/p>\n<p>&nbsp;<\/p>\n<p>&nbsp;<\/p>\n","protected":false},"excerpt":{"rendered":"<p>Precio incluye IVA<\/p>\n<p>No incluye costo de env\u00edo<\/p>\n<p>Puede Retirar en Zenteno 934 Local 9, Santiago Centro<\/p>\n<p>Despacho directo <strong>solo a Santiago Centro por 4.990<\/strong><\/p>\n<p><strong>Env\u00edo por pagar a otras comunas\u00a0 y regiones\u00a0<\/strong><\/p>\n<p>&nbsp;<\/p>\n","protected":false},"featured_media":959,"comment_status":"open","ping_status":"closed","template":"","meta":[],"product_brand":[],"product_cat":[37],"product_tag":[],"class_list":{"0":"post-958","1":"product","2":"type-product","3":"status-publish","4":"has-post-thumbnail","6":"product_cat-espuma-poliester","8":"first","9":"instock","10":"shipping-taxable","11":"purchasable","12":"product-type-simple"},"_links":{"self":[{"href":"https:\/\/ferreya.cl\/index.php\/wp-json\/wp\/v2\/product\/958","targetHints":{"allow":["GET"]}}],"collection":[{"href":"https:\/\/ferreya.cl\/index.php\/wp-json\/wp\/v2\/product"}],"about":[{"href":"https:\/\/ferreya.cl\/index.php\/wp-json\/wp\/v2\/types\/product"}],"replies":[{"embeddable":true,"href":"https:\/\/ferreya.cl\/index.php\/wp-json\/wp\/v2\/comments?post=958"}],"wp:featuredmedia":[{"embeddable":true,"href":"https:\/\/ferreya.cl\/index.php\/wp-json\/wp\/v2\/media\/959"}],"wp:attachment":[{"href":"https:\/\/ferreya.cl\/index.php\/wp-json\/wp\/v2\/media?parent=958"}],"wp:term":[{"taxonomy":"product_brand","embeddable":true,"href":"https:\/\/ferreya.cl\/index.php\/wp-json\/wp\/v2\/product_brand?post=958"},{"taxonomy":"product_cat","embeddable":true,"href":"https:\/\/ferreya.cl\/index.php\/wp-json\/wp\/v2\/product_cat?post=958"},{"taxonomy":"product_tag","embeddable":true,"href":"https:\/\/ferreya.cl\/index.php\/wp-json\/wp\/v2\/product_tag?post=958"}],"curies":[{"name":"wp","href":"https:\/\/api.w.org\/{rel}","templated":true}]}}