{"id":902,"date":"2026-02-05T20:23:57","date_gmt":"2026-02-05T20:23:57","guid":{"rendered":"https:\/\/ferreya.cl\/?post_type=product&#038;p=902"},"modified":"2026-03-23T15:52:25","modified_gmt":"2026-03-23T15:52:25","slug":"huincha-de-medir-flovi-5m-profesional","status":"publish","type":"product","link":"https:\/\/ferreya.cl\/index.php\/producto\/huincha-de-medir-flovi-5m-profesional\/","title":{"rendered":"Huincha De Medir Flovi 5m Profesional"},"content":{"rendered":"<p>Huincha de medir profesional Flovi de 5 metros, ideal para trabajos de construcci\u00f3n, carpinter\u00eda y proyectos de bricolaje. Su dise\u00f1o compacto y resistente facilita el transporte y uso en cualquier entorno.<\/p>\n<p>ESPECIFICACIONES &#8211; Longitud de la cinta: 5 metros \/ 16 pies<\/p>\n<p>Carcasa de pl\u00e1stico resistente color amarillo<\/p>\n<p>Puede retirar en Nataniel Cox\u00a0 937, Santiago Centro de Lunes a Jueves de 9 hasta las 13 horas o desde las 14\u00a0 hasta 17 y 30 Horas<br \/>\nViernes desde las 9 hasta las 13 horas o desde las 14 hasta las 17 horas<\/p>\n<p>Si requiere factura debe solicitarla no se genera de forma autom\u00e1tica<\/p>\n","protected":false},"excerpt":{"rendered":"<p>Precio incluye IVA<\/p>\n<p>No incluye costo de env\u00edo<\/p>\n<p>Puede Retirar en Zenteno 934 Local 9, Santiago Centro<\/p>\n<p>Despacho directo <strong>solo a Santiago Centro por 4.990<\/strong><\/p>\n<p><strong>Env\u00edo por Pagar otras comunas y Regiones por Blue Express<\/strong><\/p>\n<p>&nbsp;<\/p>\n","protected":false},"featured_media":903,"comment_status":"open","ping_status":"closed","template":"","meta":[],"product_brand":[],"product_cat":[37],"product_tag":[],"class_list":{"0":"post-902","1":"product","2":"type-product","3":"status-publish","4":"has-post-thumbnail","6":"product_cat-espuma-poliester","8":"first","9":"instock","10":"shipping-taxable","11":"purchasable","12":"product-type-simple"},"_links":{"self":[{"href":"https:\/\/ferreya.cl\/index.php\/wp-json\/wp\/v2\/product\/902","targetHints":{"allow":["GET"]}}],"collection":[{"href":"https:\/\/ferreya.cl\/index.php\/wp-json\/wp\/v2\/product"}],"about":[{"href":"https:\/\/ferreya.cl\/index.php\/wp-json\/wp\/v2\/types\/product"}],"replies":[{"embeddable":true,"href":"https:\/\/ferreya.cl\/index.php\/wp-json\/wp\/v2\/comments?post=902"}],"wp:featuredmedia":[{"embeddable":true,"href":"https:\/\/ferreya.cl\/index.php\/wp-json\/wp\/v2\/media\/903"}],"wp:attachment":[{"href":"https:\/\/ferreya.cl\/index.php\/wp-json\/wp\/v2\/media?parent=902"}],"wp:term":[{"taxonomy":"product_brand","embeddable":true,"href":"https:\/\/ferreya.cl\/index.php\/wp-json\/wp\/v2\/product_brand?post=902"},{"taxonomy":"product_cat","embeddable":true,"href":"https:\/\/ferreya.cl\/index.php\/wp-json\/wp\/v2\/product_cat?post=902"},{"taxonomy":"product_tag","embeddable":true,"href":"https:\/\/ferreya.cl\/index.php\/wp-json\/wp\/v2\/product_tag?post=902"}],"curies":[{"name":"wp","href":"https:\/\/api.w.org\/{rel}","templated":true}]}}