{"id":885,"date":"2026-01-16T16:52:56","date_gmt":"2026-01-16T16:52:56","guid":{"rendered":"https:\/\/ferreya.cl\/?post_type=product&#038;p=885"},"modified":"2026-03-23T16:01:21","modified_gmt":"2026-03-23T16:01:21","slug":"monomando-lavaplatos-vertical-linea-memphis-plateado","status":"publish","type":"product","link":"https:\/\/ferreya.cl\/index.php\/producto\/monomando-lavaplatos-vertical-linea-memphis-plateado\/","title":{"rendered":"Monomando Lavaplatos Vertical Linea Memphis Plateado"},"content":{"rendered":"<div class=\"ui-pdp-header\">\n<div class=\"ui-pdp-header__title-container\">\n<pre class=\"product_name\"><strong>Monomando Lavaplatos Memphis Cromo<\/strong><\/pre>\n<div class=\"product__price\">Monomando con Manilla con giro en 90\u00b0 que permite mezclar la temperatura del agua Conexi\u00f3n por 2 flexibles incluidos Material Lat\u00f3n Terminaci\u00f3n Color: Cromo<\/div>\n<\/div>\n<\/div>\n<form class=\"ui-pdp-bookmark ui-pdp-bookmark__link-bookmark\" action=\"https:\/\/www.mercadolibre.cl\/p\/MLC1762357734\/bookmark\/add\/MLC1762357734\" method=\"post\"><\/form>\n<div class=\"container\">\n<section class=\"section--has-sidebar-option is-flex is-flex-wrap has-padding-top\">\n<div id=\"shopify-section-product-template\" class=\"shopify-section shopify-section--product-template has-sidebar-option\">\n<div class=\"one-whole column product-8087064314095\">\n<div class=\"meta\"><\/div>\n<\/div>\n<\/div>\n<\/section>\n<\/div>\n<div class=\"shopify-reviews reviewsVisibility--true\">\n<div id=\"shopify-product-reviews\" data-id=\"8087064314095\"><\/div>\n<\/div>\n<div class=\"page-content--product\"><\/div>\n<div>\n<div id=\"content-rl-w\" class=\"page-width\">\n<div id=\"revieDataIA\"><\/div>\n<\/div>\n<\/div>\n","protected":false},"excerpt":{"rendered":"<p>Precio incluye IVA<\/p>\n<p>No incluye costo de env\u00edo<\/p>\n<p>Puede Retirar en Zenteno 934 Local 9, Santiago Centro<\/p>\n<p>Despacho directo <strong>solo a Santiago Centro por 4.990<\/strong><\/p>\n<p><strong>Env\u00edo por Pagar otras comunas y Regiones por Blue Express<\/strong><\/p>\n","protected":false},"featured_media":886,"comment_status":"open","ping_status":"closed","template":"","meta":[],"product_brand":[],"product_cat":[26],"product_tag":[],"class_list":{"0":"post-885","1":"product","2":"type-product","3":"status-publish","4":"has-post-thumbnail","6":"product_cat-griferia","8":"first","9":"outofstock","10":"shipping-taxable","11":"purchasable","12":"product-type-simple"},"_links":{"self":[{"href":"https:\/\/ferreya.cl\/index.php\/wp-json\/wp\/v2\/product\/885","targetHints":{"allow":["GET"]}}],"collection":[{"href":"https:\/\/ferreya.cl\/index.php\/wp-json\/wp\/v2\/product"}],"about":[{"href":"https:\/\/ferreya.cl\/index.php\/wp-json\/wp\/v2\/types\/product"}],"replies":[{"embeddable":true,"href":"https:\/\/ferreya.cl\/index.php\/wp-json\/wp\/v2\/comments?post=885"}],"wp:featuredmedia":[{"embeddable":true,"href":"https:\/\/ferreya.cl\/index.php\/wp-json\/wp\/v2\/media\/886"}],"wp:attachment":[{"href":"https:\/\/ferreya.cl\/index.php\/wp-json\/wp\/v2\/media?parent=885"}],"wp:term":[{"taxonomy":"product_brand","embeddable":true,"href":"https:\/\/ferreya.cl\/index.php\/wp-json\/wp\/v2\/product_brand?post=885"},{"taxonomy":"product_cat","embeddable":true,"href":"https:\/\/ferreya.cl\/index.php\/wp-json\/wp\/v2\/product_cat?post=885"},{"taxonomy":"product_tag","embeddable":true,"href":"https:\/\/ferreya.cl\/index.php\/wp-json\/wp\/v2\/product_tag?post=885"}],"curies":[{"name":"wp","href":"https:\/\/api.w.org\/{rel}","templated":true}]}}