{"id":825,"date":"2025-10-22T14:54:51","date_gmt":"2025-10-22T14:54:51","guid":{"rendered":"https:\/\/ferreya.cl\/?post_type=product&#038;p=825"},"modified":"2026-02-05T21:05:00","modified_gmt":"2026-02-05T21:05:00","slug":"valvula-estanque-15-16","status":"publish","type":"product","link":"https:\/\/ferreya.cl\/index.php\/producto\/valvula-estanque-15-16\/","title":{"rendered":"V\u00e1lvula Estanque 15\/16&#8242;"},"content":{"rendered":"<p>V\u00e1lvula Estanque 15\/16\u201d a 1\/2\u201d Con Adaptador<\/p>\n<p>V\u00e1lvula anti sif\u00f3n, con regulaci\u00f3n de nivel de llenado.<br \/>\nPuede trabajar con alta y baja presi\u00f3n de agua.<br \/>\nF\u00e1cil instalaci\u00f3n<\/p>\n<p>CONEXI\u00d3N<br \/>\n15\/16\u201d a 1\/2\u201d con adaptador.<\/p>\n<p>MATERIAL<br \/>\nPolimetro de Alta Resistencia (ABS).<br \/>\nAcero Inoxidable<\/p>\n<p>Color: Blanco\/Celeste<\/p>\n<p>Marca: Stretto<\/p>\n<p>&nbsp;<\/p>\n","protected":false},"excerpt":{"rendered":"<p>Precio incluye IVA<\/p>\n<p>No incluye costo de env\u00edo<\/p>\n<p>Retiro en Santiago Centro<\/p>\n<p>&nbsp;<\/p>\n","protected":false},"featured_media":826,"comment_status":"open","ping_status":"closed","template":"","meta":[],"product_brand":[],"product_cat":[26],"product_tag":[],"class_list":{"0":"post-825","1":"product","2":"type-product","3":"status-publish","4":"has-post-thumbnail","6":"product_cat-griferia","8":"first","9":"outofstock","10":"shipping-taxable","11":"purchasable","12":"product-type-simple"},"_links":{"self":[{"href":"https:\/\/ferreya.cl\/index.php\/wp-json\/wp\/v2\/product\/825","targetHints":{"allow":["GET"]}}],"collection":[{"href":"https:\/\/ferreya.cl\/index.php\/wp-json\/wp\/v2\/product"}],"about":[{"href":"https:\/\/ferreya.cl\/index.php\/wp-json\/wp\/v2\/types\/product"}],"replies":[{"embeddable":true,"href":"https:\/\/ferreya.cl\/index.php\/wp-json\/wp\/v2\/comments?post=825"}],"wp:featuredmedia":[{"embeddable":true,"href":"https:\/\/ferreya.cl\/index.php\/wp-json\/wp\/v2\/media\/826"}],"wp:attachment":[{"href":"https:\/\/ferreya.cl\/index.php\/wp-json\/wp\/v2\/media?parent=825"}],"wp:term":[{"taxonomy":"product_brand","embeddable":true,"href":"https:\/\/ferreya.cl\/index.php\/wp-json\/wp\/v2\/product_brand?post=825"},{"taxonomy":"product_cat","embeddable":true,"href":"https:\/\/ferreya.cl\/index.php\/wp-json\/wp\/v2\/product_cat?post=825"},{"taxonomy":"product_tag","embeddable":true,"href":"https:\/\/ferreya.cl\/index.php\/wp-json\/wp\/v2\/product_tag?post=825"}],"curies":[{"name":"wp","href":"https:\/\/api.w.org\/{rel}","templated":true}]}}