{"id":654,"date":"2025-02-14T18:35:09","date_gmt":"2025-02-14T18:35:09","guid":{"rendered":"https:\/\/ferreya.cl\/?post_type=product&#038;p=654"},"modified":"2025-09-12T18:46:14","modified_gmt":"2025-09-12T18:46:14","slug":"flexible-de-ducha-15-mt-plata","status":"publish","type":"product","link":"https:\/\/ferreya.cl\/index.php\/producto\/flexible-de-ducha-15-mt-plata\/","title":{"rendered":"Flexible De Ducha 1,5 Mt Plata"},"content":{"rendered":"<p>Flexible de agua anti-torsi\u00f3n con conexi\u00f3n est\u00e1ndar de mercado.<br \/>\nConexi\u00f3n 1\/2\u201d HI.<br \/>\nMaterial: PVC y Lat\u00f3n (Aleaci\u00f3n Cobre y Zinc).<br \/>\n1,5 metros de largo<\/p>\n","protected":false},"excerpt":{"rendered":"<p>Precio incluye IVA<\/p>\n<p>No incluye costo de env\u00edo<\/p>\n<p>Retiro en Santiago Centro<\/p>\n","protected":false},"featured_media":655,"comment_status":"open","ping_status":"closed","template":"","meta":[],"product_brand":[],"product_cat":[26],"product_tag":[],"class_list":{"0":"post-654","1":"product","2":"type-product","3":"status-publish","4":"has-post-thumbnail","6":"product_cat-griferia","8":"first","9":"outofstock","10":"shipping-taxable","11":"purchasable","12":"product-type-simple"},"_links":{"self":[{"href":"https:\/\/ferreya.cl\/index.php\/wp-json\/wp\/v2\/product\/654","targetHints":{"allow":["GET"]}}],"collection":[{"href":"https:\/\/ferreya.cl\/index.php\/wp-json\/wp\/v2\/product"}],"about":[{"href":"https:\/\/ferreya.cl\/index.php\/wp-json\/wp\/v2\/types\/product"}],"replies":[{"embeddable":true,"href":"https:\/\/ferreya.cl\/index.php\/wp-json\/wp\/v2\/comments?post=654"}],"wp:featuredmedia":[{"embeddable":true,"href":"https:\/\/ferreya.cl\/index.php\/wp-json\/wp\/v2\/media\/655"}],"wp:attachment":[{"href":"https:\/\/ferreya.cl\/index.php\/wp-json\/wp\/v2\/media?parent=654"}],"wp:term":[{"taxonomy":"product_brand","embeddable":true,"href":"https:\/\/ferreya.cl\/index.php\/wp-json\/wp\/v2\/product_brand?post=654"},{"taxonomy":"product_cat","embeddable":true,"href":"https:\/\/ferreya.cl\/index.php\/wp-json\/wp\/v2\/product_cat?post=654"},{"taxonomy":"product_tag","embeddable":true,"href":"https:\/\/ferreya.cl\/index.php\/wp-json\/wp\/v2\/product_tag?post=654"}],"curies":[{"name":"wp","href":"https:\/\/api.w.org\/{rel}","templated":true}]}}