{"id":631,"date":"2025-02-07T17:41:40","date_gmt":"2025-02-07T17:41:40","guid":{"rendered":"https:\/\/ferreya.cl\/?post_type=product&#038;p=631"},"modified":"2026-03-26T21:00:12","modified_gmt":"2026-03-26T21:00:12","slug":"silicona-neutra-blanco-sellosil-290-ml","status":"publish","type":"product","link":"https:\/\/ferreya.cl\/index.php\/producto\/silicona-neutra-blanco-sellosil-290-ml\/","title":{"rendered":"Silicona Neutra Blanco Sellosil 290 ml"},"content":{"rendered":"<p>Silicona Neutra Blanca Sellosil 290 ml<br \/>\nSellador de Silicona de curado neutro, fabricado para la aplicaci\u00f3n en exterior y la aplicaci\u00f3n de acristalamiento . Se forma de sellado altamente resistente a la interperie en ventanas y fachadas de edficios.<\/p>\n<p>Proporciona excelente adherencia , no afectado por la exposici\u00f3n a la luz solar ,lluvia, nieve , mantiene sus propiedades durante muchos a\u00f1os<br \/>\nResistente a temperaturas extremas , muy poco olor y no corrosivo<\/p>\n<p>Areas de aplicaci\u00f3n; Sellados de juntas y montaje en exteriores, paredes y marcos de ventanas de PVC y aluminio.<br \/>\nSellado de aplicaciones del m\u00e1rmol, pieda y otros sustratos porosos<\/p>\n<p>Instrucciones de uso:<br \/>\nAseg\u00farese que las superficies a sellar est\u00e9n limpias, secas y libres de grasa.<br \/>\nLa temperatura de aplicaci\u00f3n debe estar comprendida entre +5 \u00b0 C y +40\u00b0 C<br \/>\nCon el fin de reducir deformaciones en el sellado, la profundidad de la junta debe ser menor que su anchura.<br \/>\nLas dimensiones m\u00ednimas ser\u00e1n de 6 x 6 MM., para juntas m\u00e1s anchas, la profundidad debe de ser<br \/>\npreferentemente la mitad de la anchura y se limitara por el uso de un fondo de junta. Despu\u00e9s de la aplicaci\u00f3n,<br \/>\nel sellador debe ser retacado con una ligera presi\u00f3n, dentro de los primeros 15 minutos, para repartir el material<br \/>\ncontra las superficies y obtener un acabado profesional.<br \/>\nEl exceso de sellador no curado puede limpiarse con disolvente.<br \/>\nEl sellador una vez curado deber\u00e1 eliminarse por medios<br \/>\nmec\u00e1nicos.<br \/>\nAnchos de junta recomendada son&gt; 10 mm y &lt;20 mm.<br \/>\nAncho de la junta y la relaci\u00f3n de profundidad debe ser aproximadamente 2:1.<\/p>\n<p>Preparaci\u00f3n de la superficie<br \/>\nSe recomienda el siguiente procedimiento de limpieza y materiales:<br \/>\nVidrio Desengrasar con alcohol o MEK<br \/>\nAluminio, aleaciones ligeras y acero inoxidable Desengrasar con alcohol o MEK<br \/>\nOtros Metales Ligeramente lije y luego disminuir a medida de anterior<br \/>\nMadera Ligeramente desgastado de superficie a continuaci\u00f3n, quitar el polvo<br \/>\nPl\u00e1stica Desengrasar usando un agente recomendado por el fabricante de pl\u00e1sticos<br \/>\nHormig\u00f3n y otras superficies alcalinas Cepillar y eliminar el polvo<\/p>\n<p>RESTRICCIONES<br \/>\nNo debe ser utilizado en espacios totalmente confinados donde el sellador no puede curar por falta de humedad atmosf\u00e9rica.<br \/>\nNo se puede pintar sobre su superficie.<br \/>\nNo utilizar en conjunto con el asfalto, solventes, neopreno y ciertos elast\u00f3meros org\u00e1nicos.<br \/>\nNo es adecuado para aplicaciones en contacto con alimentos.<br \/>\nNo utilizar para producir uniones de piscinas o bajo l\u00ednea de lotaci\u00f3n.<\/p>\n","protected":false},"excerpt":{"rendered":"<p>Precio incluye IVA<\/p>\n<p>No incluye costo de env\u00edo<\/p>\n<p>Puede Retirar en Zenteno 934 Local 9, Santiago Centro<\/p>\n<p>Despacho directo <strong>solo a Santiago Centro por 4.990<\/strong><\/p>\n","protected":false},"featured_media":632,"comment_status":"open","ping_status":"closed","template":"","meta":[],"product_brand":[],"product_cat":[44],"product_tag":[],"class_list":{"0":"post-631","1":"product","2":"type-product","3":"status-publish","4":"has-post-thumbnail","6":"product_cat-silicona","8":"first","9":"instock","10":"shipping-taxable","11":"purchasable","12":"product-type-simple"},"_links":{"self":[{"href":"https:\/\/ferreya.cl\/index.php\/wp-json\/wp\/v2\/product\/631","targetHints":{"allow":["GET"]}}],"collection":[{"href":"https:\/\/ferreya.cl\/index.php\/wp-json\/wp\/v2\/product"}],"about":[{"href":"https:\/\/ferreya.cl\/index.php\/wp-json\/wp\/v2\/types\/product"}],"replies":[{"embeddable":true,"href":"https:\/\/ferreya.cl\/index.php\/wp-json\/wp\/v2\/comments?post=631"}],"wp:featuredmedia":[{"embeddable":true,"href":"https:\/\/ferreya.cl\/index.php\/wp-json\/wp\/v2\/media\/632"}],"wp:attachment":[{"href":"https:\/\/ferreya.cl\/index.php\/wp-json\/wp\/v2\/media?parent=631"}],"wp:term":[{"taxonomy":"product_brand","embeddable":true,"href":"https:\/\/ferreya.cl\/index.php\/wp-json\/wp\/v2\/product_brand?post=631"},{"taxonomy":"product_cat","embeddable":true,"href":"https:\/\/ferreya.cl\/index.php\/wp-json\/wp\/v2\/product_cat?post=631"},{"taxonomy":"product_tag","embeddable":true,"href":"https:\/\/ferreya.cl\/index.php\/wp-json\/wp\/v2\/product_tag?post=631"}],"curies":[{"name":"wp","href":"https:\/\/api.w.org\/{rel}","templated":true}]}}