{"id":622,"date":"2025-01-29T17:59:22","date_gmt":"2025-01-29T17:59:22","guid":{"rendered":"https:\/\/ferreya.cl\/?post_type=product&#038;p=622"},"modified":"2026-03-26T21:08:44","modified_gmt":"2026-03-26T21:08:44","slug":"cabo-de-vida-en-cinta-gancho-escala-kl-8500-18-metros","status":"publish","type":"product","link":"https:\/\/ferreya.cl\/index.php\/producto\/cabo-de-vida-en-cinta-gancho-escala-kl-8500-18-metros\/","title":{"rendered":"Cabo De Vida En Cinta Gancho Escala Kl-8500 1,8 Metros"},"content":{"rendered":"<p>Elemento de Posicionamiento de 1,8 metros<br \/>\nRecomendado solo para posicionamiento<br \/>\nMosquetones fabricados en acero cincado de alta resistencia, color amarillo<br \/>\nMosquet\u00f3n gancho escala dise\u00f1ado para tomas de mayor di\u00e1metro que uno normal<br \/>\nFabricado en cinta de poli\u00e9ster 25 mm x 1,8 metros<br \/>\nCosturas de seguridad fabricadas en maquinas de autom\u00e1ticas computarizadas<br \/>\nCuenta con termo contra\u00edble transparente para la protecci\u00f3n de las costuras de seguridad<br \/>\nEquipo dise\u00f1ado para brindar seguridad en trabajaos de alturas con riesgo de ca\u00eddas sobre 1,8 metros<br \/>\nEste esquipo es solo de uso como complemento de un sistema antica\u00edda<br \/>\nEste equipo no se debe rayar, quemar, cortar ni perforar ya que esto implica una intervenci\u00f3n y puede causar da\u00f1o o la muerte del usuario<br \/>\nhttps:\/\/articulo.mercadolibre.cl\/MLC-2676084848-cabo-de-vida-en-cinta-gancho-escala-kl-8500-18-metros-_JM<\/p>\n","protected":false},"excerpt":{"rendered":"<p>Precio incluye IVA<\/p>\n<p>No incluye costo de env\u00edo<\/p>\n<p>Puede Retirar en Zenteno 934 Local 9, Santiago Centro<\/p>\n<p>Despacho directo <strong>solo a Santiago Centro por 4.990<\/strong><\/p>\n","protected":false},"featured_media":623,"comment_status":"open","ping_status":"closed","template":"","meta":[],"product_brand":[],"product_cat":[45],"product_tag":[],"class_list":{"0":"post-622","1":"product","2":"type-product","3":"status-publish","4":"has-post-thumbnail","6":"product_cat-proteccion-personal","8":"first","9":"instock","10":"shipping-taxable","11":"purchasable","12":"product-type-simple"},"_links":{"self":[{"href":"https:\/\/ferreya.cl\/index.php\/wp-json\/wp\/v2\/product\/622","targetHints":{"allow":["GET"]}}],"collection":[{"href":"https:\/\/ferreya.cl\/index.php\/wp-json\/wp\/v2\/product"}],"about":[{"href":"https:\/\/ferreya.cl\/index.php\/wp-json\/wp\/v2\/types\/product"}],"replies":[{"embeddable":true,"href":"https:\/\/ferreya.cl\/index.php\/wp-json\/wp\/v2\/comments?post=622"}],"wp:featuredmedia":[{"embeddable":true,"href":"https:\/\/ferreya.cl\/index.php\/wp-json\/wp\/v2\/media\/623"}],"wp:attachment":[{"href":"https:\/\/ferreya.cl\/index.php\/wp-json\/wp\/v2\/media?parent=622"}],"wp:term":[{"taxonomy":"product_brand","embeddable":true,"href":"https:\/\/ferreya.cl\/index.php\/wp-json\/wp\/v2\/product_brand?post=622"},{"taxonomy":"product_cat","embeddable":true,"href":"https:\/\/ferreya.cl\/index.php\/wp-json\/wp\/v2\/product_cat?post=622"},{"taxonomy":"product_tag","embeddable":true,"href":"https:\/\/ferreya.cl\/index.php\/wp-json\/wp\/v2\/product_tag?post=622"}],"curies":[{"name":"wp","href":"https:\/\/api.w.org\/{rel}","templated":true}]}}