{"id":620,"date":"2025-01-29T17:42:29","date_gmt":"2025-01-29T17:42:29","guid":{"rendered":"https:\/\/ferreya.cl\/?post_type=product&#038;p=620"},"modified":"2026-03-26T21:10:39","modified_gmt":"2026-03-26T21:10:39","slug":"arnes-3-argollas-paracaidista","status":"publish","type":"product","link":"https:\/\/ferreya.cl\/index.php\/producto\/arnes-3-argollas-paracaidista\/","title":{"rendered":"Arn\u00e9s 3 Argollas Paracaidista"},"content":{"rendered":"<p>Arn\u00e9s 3 argolla paracaidista KL 8000<\/p>\n<p>Fabricado con cinta de poli\u00e9ster de alta resistencia<br \/>\nColor Naranjo Negro<br \/>\nDise\u00f1ado para repartir la fuerza de choque<br \/>\nDebe llevar sin falta un punto de anclaje, cabo de vida o l\u00edneas de vida, dispositivo de desaceleraci\u00f3n o de amortiguaci\u00f3n de ca\u00edda<br \/>\nDise\u00f1ado para brindar una seguridad en trabajos de alturas con riesgo de ca\u00eddas sobre los 1,8 metros<br \/>\nHebillas y Argollas de Acero de alta resistencia cincado de color amarillo<br \/>\nCuenta con 3 Argollas en D , una dorsal antica\u00edda y dos laterales<br \/>\nPechera o regulador pectoral para el aseguramiento frontal<br \/>\nHebillas autocalzantes de dos piezas fabricadas en acero de alta resistencia<br \/>\nCuenta con pasadores pl\u00e1sticos para la distribuci\u00f3n de cintas dorsal y en pechera frontal<br \/>\nEste equipo es de uso solo como complemento de un sistema anti-ca\u00edda<br \/>\nEste equipo no se debe rayar, quemar , cortar ni perforar , ya que esto implica una intervenci\u00f3n y puede causar da\u00f1o o la muerte del usuario<br \/>\nI.S.P. EPP1957<br \/>\nTalla ML<\/p>\n<p>&nbsp;<\/p>\n","protected":false},"excerpt":{"rendered":"<p>Precio incluye IVA<\/p>\n<p>No incluye costo de env\u00edo<\/p>\n<p>Puede Retirar en Zenteno 934 Local 9, Santiago Centro<\/p>\n<p>Despacho directo <strong>solo a Santiago Centro por 4.990<\/strong><\/p>\n","protected":false},"featured_media":621,"comment_status":"open","ping_status":"closed","template":"","meta":[],"product_brand":[],"product_cat":[45],"product_tag":[],"class_list":{"0":"post-620","1":"product","2":"type-product","3":"status-publish","4":"has-post-thumbnail","6":"product_cat-proteccion-personal","8":"first","9":"instock","10":"shipping-taxable","11":"purchasable","12":"product-type-simple"},"_links":{"self":[{"href":"https:\/\/ferreya.cl\/index.php\/wp-json\/wp\/v2\/product\/620","targetHints":{"allow":["GET"]}}],"collection":[{"href":"https:\/\/ferreya.cl\/index.php\/wp-json\/wp\/v2\/product"}],"about":[{"href":"https:\/\/ferreya.cl\/index.php\/wp-json\/wp\/v2\/types\/product"}],"replies":[{"embeddable":true,"href":"https:\/\/ferreya.cl\/index.php\/wp-json\/wp\/v2\/comments?post=620"}],"wp:featuredmedia":[{"embeddable":true,"href":"https:\/\/ferreya.cl\/index.php\/wp-json\/wp\/v2\/media\/621"}],"wp:attachment":[{"href":"https:\/\/ferreya.cl\/index.php\/wp-json\/wp\/v2\/media?parent=620"}],"wp:term":[{"taxonomy":"product_brand","embeddable":true,"href":"https:\/\/ferreya.cl\/index.php\/wp-json\/wp\/v2\/product_brand?post=620"},{"taxonomy":"product_cat","embeddable":true,"href":"https:\/\/ferreya.cl\/index.php\/wp-json\/wp\/v2\/product_cat?post=620"},{"taxonomy":"product_tag","embeddable":true,"href":"https:\/\/ferreya.cl\/index.php\/wp-json\/wp\/v2\/product_tag?post=620"}],"curies":[{"name":"wp","href":"https:\/\/api.w.org\/{rel}","templated":true}]}}