{"id":588,"date":"2025-01-14T16:54:30","date_gmt":"2025-01-14T16:54:30","guid":{"rendered":"https:\/\/ferreya.cl\/?post_type=product&#038;p=588"},"modified":"2026-03-27T12:41:21","modified_gmt":"2026-03-27T12:41:21","slug":"desague-lavamanos-ss304-pop-up-1-1-4-c-reb-s-cola","status":"publish","type":"product","link":"https:\/\/ferreya.cl\/index.php\/producto\/desague-lavamanos-ss304-pop-up-1-1-4-c-reb-s-cola\/","title":{"rendered":"Desag\u00fce Lavamanos Ss304 Pop Up 1 1\/4\u00bb C\/reb S\/cola"},"content":{"rendered":"<div class=\"container\">\n<section class=\"section--has-sidebar-option is-flex is-flex-wrap has-padding-top\">\n<div id=\"shopify-section-product-template\" class=\"shopify-section shopify-section--product-template has-sidebar-option\">\n<div class=\"one-whole column product-6536237613228\">\n<div class=\"meta\">Desag\u00fce para lavamanos con sistema Pop-Up con rebalse, sin tuber\u00eda ni tuerca de salida.<br \/>\nLa goma c\u00f3nica tiene un dise\u00f1o diferenciador, con una perforaci\u00f3n roscada que brinda un sello seguro libre de fugas.<br \/>\nFabricado en Acero Inoxidable<br \/>\nAcabado : Terminaci\u00f3n Cromo<br \/>\nSistema: Pop Up<br \/>\nTerminal HE G-1 1\/4&#8243;<\/div>\n<\/div>\n<\/div>\n<\/section>\n<\/div>\n<div class=\"shopify-reviews reviewsVisibility--true\">\n<div id=\"shopify-product-reviews\" data-id=\"6536237613228\"><\/div>\n<\/div>\n<div class=\"page-content--product\"><\/div>\n<div>\n<div id=\"content-rl-w\" class=\"page-width\">\n<div id=\"revieDataIA\">\n<div class=\"content-flex content-start\"><\/div>\n<\/div>\n<\/div>\n<\/div>\n","protected":false},"excerpt":{"rendered":"<p>Precio incluye IVA<\/p>\n<p>No incluye costo de env\u00edo<\/p>\n<p>Puede Retirar en Zenteno 934 Local 9, Santiago Centro<\/p>\n<p>Despacho directo <strong>solo a Santiago Centro por 4.990<\/strong><\/p>\n","protected":false},"featured_media":908,"comment_status":"open","ping_status":"closed","template":"","meta":[],"product_brand":[],"product_cat":[26],"product_tag":[],"class_list":{"0":"post-588","1":"product","2":"type-product","3":"status-publish","4":"has-post-thumbnail","6":"product_cat-griferia","8":"first","9":"instock","10":"shipping-taxable","11":"purchasable","12":"product-type-simple"},"_links":{"self":[{"href":"https:\/\/ferreya.cl\/index.php\/wp-json\/wp\/v2\/product\/588","targetHints":{"allow":["GET"]}}],"collection":[{"href":"https:\/\/ferreya.cl\/index.php\/wp-json\/wp\/v2\/product"}],"about":[{"href":"https:\/\/ferreya.cl\/index.php\/wp-json\/wp\/v2\/types\/product"}],"replies":[{"embeddable":true,"href":"https:\/\/ferreya.cl\/index.php\/wp-json\/wp\/v2\/comments?post=588"}],"wp:featuredmedia":[{"embeddable":true,"href":"https:\/\/ferreya.cl\/index.php\/wp-json\/wp\/v2\/media\/908"}],"wp:attachment":[{"href":"https:\/\/ferreya.cl\/index.php\/wp-json\/wp\/v2\/media?parent=588"}],"wp:term":[{"taxonomy":"product_brand","embeddable":true,"href":"https:\/\/ferreya.cl\/index.php\/wp-json\/wp\/v2\/product_brand?post=588"},{"taxonomy":"product_cat","embeddable":true,"href":"https:\/\/ferreya.cl\/index.php\/wp-json\/wp\/v2\/product_cat?post=588"},{"taxonomy":"product_tag","embeddable":true,"href":"https:\/\/ferreya.cl\/index.php\/wp-json\/wp\/v2\/product_tag?post=588"}],"curies":[{"name":"wp","href":"https:\/\/api.w.org\/{rel}","templated":true}]}}