{"id":561,"date":"2024-09-26T17:55:09","date_gmt":"2024-09-26T17:55:09","guid":{"rendered":"https:\/\/ferreya.cl\/?post_type=product&#038;p=561"},"modified":"2026-03-27T12:52:27","modified_gmt":"2026-03-27T12:52:27","slug":"tapon-oido-silicona-con-cordon-y-caja-pack-de-5-pares","status":"publish","type":"product","link":"https:\/\/ferreya.cl\/index.php\/producto\/tapon-oido-silicona-con-cordon-y-caja-pack-de-5-pares\/","title":{"rendered":"Tap\u00f3n O\u00eddo Silicona Con Cord\u00f3n Y Caja"},"content":{"rendered":"<p>Tapon O\u00eddo Silicona Con Cord\u00f3n Y Caja<\/p>\n<p>Tapones de Silicona con Cord\u00f3n incorporado y Caja pl\u00e1stica<br \/>\nNNR 24 DB<br \/>\nReutilizable<br \/>\nSe ajusta a la mayor\u00eda de canales auditivos de forma suave y no al\u00e9rgico<br \/>\nNaranjo\/Azul<br \/>\nCaja de 2 pares<\/p>\n<p>&nbsp;<\/p>\n","protected":false},"excerpt":{"rendered":"<p>Precio incluye IVA<\/p>\n<p>No incluye costo de env\u00edo<\/p>\n<p>Puede Retirar en Zenteno 934 Local 9, Santiago Centro<\/p>\n<p>Despacho directo <strong>solo a Santiago Centro por 4.990<\/strong><\/p>\n","protected":false},"featured_media":562,"comment_status":"open","ping_status":"closed","template":"","meta":[],"product_brand":[],"product_cat":[45],"product_tag":[],"class_list":{"0":"post-561","1":"product","2":"type-product","3":"status-publish","4":"has-post-thumbnail","6":"product_cat-proteccion-personal","8":"first","9":"instock","10":"shipping-taxable","11":"purchasable","12":"product-type-simple"},"_links":{"self":[{"href":"https:\/\/ferreya.cl\/index.php\/wp-json\/wp\/v2\/product\/561","targetHints":{"allow":["GET"]}}],"collection":[{"href":"https:\/\/ferreya.cl\/index.php\/wp-json\/wp\/v2\/product"}],"about":[{"href":"https:\/\/ferreya.cl\/index.php\/wp-json\/wp\/v2\/types\/product"}],"replies":[{"embeddable":true,"href":"https:\/\/ferreya.cl\/index.php\/wp-json\/wp\/v2\/comments?post=561"}],"wp:featuredmedia":[{"embeddable":true,"href":"https:\/\/ferreya.cl\/index.php\/wp-json\/wp\/v2\/media\/562"}],"wp:attachment":[{"href":"https:\/\/ferreya.cl\/index.php\/wp-json\/wp\/v2\/media?parent=561"}],"wp:term":[{"taxonomy":"product_brand","embeddable":true,"href":"https:\/\/ferreya.cl\/index.php\/wp-json\/wp\/v2\/product_brand?post=561"},{"taxonomy":"product_cat","embeddable":true,"href":"https:\/\/ferreya.cl\/index.php\/wp-json\/wp\/v2\/product_cat?post=561"},{"taxonomy":"product_tag","embeddable":true,"href":"https:\/\/ferreya.cl\/index.php\/wp-json\/wp\/v2\/product_tag?post=561"}],"curies":[{"name":"wp","href":"https:\/\/api.w.org\/{rel}","templated":true}]}}