{"id":533,"date":"2024-07-29T17:40:23","date_gmt":"2024-07-29T17:40:23","guid":{"rendered":"https:\/\/ferreya.cl\/?post_type=product&#038;p=533"},"modified":"2026-03-27T19:49:49","modified_gmt":"2026-03-27T19:49:49","slug":"botiquin-kbeen-25-personas","status":"publish","type":"product","link":"https:\/\/ferreya.cl\/index.php\/producto\/botiquin-kbeen-25-personas\/","title":{"rendered":"Botiqu\u00edn primeros auxilios 25 personas"},"content":{"rendered":"<p>Botiqu\u00edn Kbeen 25 Personas<\/p>\n<p>\u00abBotiqu\u00edn\u00bb para la atenci\u00f3n aproximada de 25 personas. El botiqu\u00edn incluye items esenciales para el control de sangramiento, limpieza y cubrimiento de peque\u00f1as heridas , remover astillas y otros objetos incrustados.Es el kit perfecto para mantener en compa\u00f1\u00edas, industrias, talleres, fabricas, tiendas, restaurantes, etc.<\/p>\n<p>Contenido Esencial:<\/p>\n<p>Tijera<br \/>\nCinta Adhesiva<br \/>\nPinza<br \/>\nManta de Emergencia<br \/>\nVenda El\u00e1stica<br \/>\nGuante Quir\u00fargico<br \/>\nVenda Triangular<br \/>\nVenda de Gasa<br \/>\nToallas con Alcohol<br \/>\nAp\u00f3sito para ojos<br \/>\nParches Adhesivos<br \/>\nCorrea para Torniquete<br \/>\nMascarilla RCP<br \/>\nCompresa Fr\u00eda Instant\u00e1nea<br \/>\nCotonitos<br \/>\nAp\u00f3sito Est\u00e9ril para Lesiones<\/p>\n<p>Mantener el botiqu\u00edn ordenado y limpio<\/p>\n<p>Verificar con una lista los elementos que lo componen e ir reponiendo los faltantes<\/p>\n<p>Revisar peri\u00f3dicamente fecha de vencimiento de los insumos<\/p>\n<p>&nbsp;<\/p>\n","protected":false},"excerpt":{"rendered":"<p>Precio incluye IVA<\/p>\n<p>No incluye costo de env\u00edo<\/p>\n<p>Puede Retirar en Zenteno 934 Local 9, Santiago Centro<\/p>\n<p>Despacho directo <strong>solo a Santiago Centro por 4.990<\/strong><\/p>\n","protected":false},"featured_media":534,"comment_status":"open","ping_status":"closed","template":"","meta":[],"product_brand":[],"product_cat":[45],"product_tag":[],"class_list":{"0":"post-533","1":"product","2":"type-product","3":"status-publish","4":"has-post-thumbnail","6":"product_cat-proteccion-personal","8":"first","9":"instock","10":"shipping-taxable","11":"purchasable","12":"product-type-simple"},"_links":{"self":[{"href":"https:\/\/ferreya.cl\/index.php\/wp-json\/wp\/v2\/product\/533","targetHints":{"allow":["GET"]}}],"collection":[{"href":"https:\/\/ferreya.cl\/index.php\/wp-json\/wp\/v2\/product"}],"about":[{"href":"https:\/\/ferreya.cl\/index.php\/wp-json\/wp\/v2\/types\/product"}],"replies":[{"embeddable":true,"href":"https:\/\/ferreya.cl\/index.php\/wp-json\/wp\/v2\/comments?post=533"}],"wp:featuredmedia":[{"embeddable":true,"href":"https:\/\/ferreya.cl\/index.php\/wp-json\/wp\/v2\/media\/534"}],"wp:attachment":[{"href":"https:\/\/ferreya.cl\/index.php\/wp-json\/wp\/v2\/media?parent=533"}],"wp:term":[{"taxonomy":"product_brand","embeddable":true,"href":"https:\/\/ferreya.cl\/index.php\/wp-json\/wp\/v2\/product_brand?post=533"},{"taxonomy":"product_cat","embeddable":true,"href":"https:\/\/ferreya.cl\/index.php\/wp-json\/wp\/v2\/product_cat?post=533"},{"taxonomy":"product_tag","embeddable":true,"href":"https:\/\/ferreya.cl\/index.php\/wp-json\/wp\/v2\/product_tag?post=533"}],"curies":[{"name":"wp","href":"https:\/\/api.w.org\/{rel}","templated":true}]}}