{"id":416,"date":"2024-02-26T18:00:59","date_gmt":"2024-02-26T18:00:59","guid":{"rendered":"https:\/\/ferreya.cl\/?post_type=product&#038;p=416"},"modified":"2026-03-27T18:54:31","modified_gmt":"2026-03-27T18:54:31","slug":"silicona-acetica-aluminio-300ml","status":"publish","type":"product","link":"https:\/\/ferreya.cl\/index.php\/producto\/silicona-acetica-aluminio-300ml\/","title":{"rendered":"Silicona ac\u00e9tica aluminio Full Sello"},"content":{"rendered":"<p><span title=\"\" data-toggle=\"tooltip\" data-placement=\"bottom\" data-original-title=\"Silicona ac\u00e9tica aluminio Full Sello\" aria-describedby=\"tooltip522750\">Silicona ac\u00e9tica aluminio Full Sello<\/span><\/p>\n<p>Superficie de adhesi\u00f3n : Cer\u00e1micas, Vanitorios, metal, aluminios, vidrios, pl\u00e1sticos<\/p>\n<p>Antihongos- Contiene Fungicida<\/p>\n<p>Sellosil A<\/p>\n<p>300 ml<\/p>\n<p>No contiene fungicida<\/p>\n","protected":false},"excerpt":{"rendered":"<p>Precio incluye IVA<\/p>\n<p>No incluye costo de env\u00edo<\/p>\n<p>Puede Retirar en Zenteno 934 Local 9, Santiago Centro<\/p>\n<p>Despacho directo <strong>solo a Santiago Centro por 4.990<\/strong><\/p>\n","protected":false},"featured_media":434,"comment_status":"open","ping_status":"closed","template":"","meta":[],"product_brand":[],"product_cat":[44],"product_tag":[],"class_list":{"0":"post-416","1":"product","2":"type-product","3":"status-publish","4":"has-post-thumbnail","6":"product_cat-silicona","8":"first","9":"instock","10":"shipping-taxable","11":"purchasable","12":"product-type-simple"},"_links":{"self":[{"href":"https:\/\/ferreya.cl\/index.php\/wp-json\/wp\/v2\/product\/416","targetHints":{"allow":["GET"]}}],"collection":[{"href":"https:\/\/ferreya.cl\/index.php\/wp-json\/wp\/v2\/product"}],"about":[{"href":"https:\/\/ferreya.cl\/index.php\/wp-json\/wp\/v2\/types\/product"}],"replies":[{"embeddable":true,"href":"https:\/\/ferreya.cl\/index.php\/wp-json\/wp\/v2\/comments?post=416"}],"wp:featuredmedia":[{"embeddable":true,"href":"https:\/\/ferreya.cl\/index.php\/wp-json\/wp\/v2\/media\/434"}],"wp:attachment":[{"href":"https:\/\/ferreya.cl\/index.php\/wp-json\/wp\/v2\/media?parent=416"}],"wp:term":[{"taxonomy":"product_brand","embeddable":true,"href":"https:\/\/ferreya.cl\/index.php\/wp-json\/wp\/v2\/product_brand?post=416"},{"taxonomy":"product_cat","embeddable":true,"href":"https:\/\/ferreya.cl\/index.php\/wp-json\/wp\/v2\/product_cat?post=416"},{"taxonomy":"product_tag","embeddable":true,"href":"https:\/\/ferreya.cl\/index.php\/wp-json\/wp\/v2\/product_tag?post=416"}],"curies":[{"name":"wp","href":"https:\/\/api.w.org\/{rel}","templated":true}]}}