{"id":360,"date":"2024-02-15T20:14:01","date_gmt":"2024-02-15T20:14:01","guid":{"rendered":"https:\/\/ferreya.cl\/?post_type=product&#038;p=360"},"modified":"2026-03-27T20:14:10","modified_gmt":"2026-03-27T20:14:10","slug":"cerradura-pomo-cilindrica-bano-b-500-daumer","status":"publish","type":"product","link":"https:\/\/ferreya.cl\/index.php\/producto\/cerradura-pomo-cilindrica-bano-b-500-daumer\/","title":{"rendered":"Cerradura Pomo Cil\u00edndrica Ba\u00f1o B-500 Daumer"},"content":{"rendered":"<p>Cerradura Pomo Cil\u00edndrica Ba\u00f1o B-500 Daumer<\/p>\n<p>Para puertas de 38 a 50 mm de espesor<\/p>\n<p>Backset de 60 mm<\/p>\n<p>Funci\u00f3n ba\u00f1o\/dormitorio ni\u00f1o<\/p>\n<p>Pomo exterior fijo sin llave \/bot\u00f3n interior<\/p>\n<p>&nbsp;<\/p>\n<p>&nbsp;<\/p>\n","protected":false},"excerpt":{"rendered":"<p>Precio incluye IVA<\/p>\n<p>No incluye costo de env\u00edo<\/p>\n<p>Puede Retirar en Zenteno 934 Local 9, Santiago Centro<\/p>\n<p>Despacho directo <strong>solo a Santiago Centro por 4.990<\/strong><\/p>\n","protected":false},"featured_media":362,"comment_status":"open","ping_status":"closed","template":"","meta":[],"product_brand":[],"product_cat":[40],"product_tag":[],"class_list":{"0":"post-360","1":"product","2":"type-product","3":"status-publish","4":"has-post-thumbnail","6":"product_cat-cerradura","8":"first","9":"instock","10":"shipping-taxable","11":"purchasable","12":"product-type-simple"},"_links":{"self":[{"href":"https:\/\/ferreya.cl\/index.php\/wp-json\/wp\/v2\/product\/360","targetHints":{"allow":["GET"]}}],"collection":[{"href":"https:\/\/ferreya.cl\/index.php\/wp-json\/wp\/v2\/product"}],"about":[{"href":"https:\/\/ferreya.cl\/index.php\/wp-json\/wp\/v2\/types\/product"}],"replies":[{"embeddable":true,"href":"https:\/\/ferreya.cl\/index.php\/wp-json\/wp\/v2\/comments?post=360"}],"wp:featuredmedia":[{"embeddable":true,"href":"https:\/\/ferreya.cl\/index.php\/wp-json\/wp\/v2\/media\/362"}],"wp:attachment":[{"href":"https:\/\/ferreya.cl\/index.php\/wp-json\/wp\/v2\/media?parent=360"}],"wp:term":[{"taxonomy":"product_brand","embeddable":true,"href":"https:\/\/ferreya.cl\/index.php\/wp-json\/wp\/v2\/product_brand?post=360"},{"taxonomy":"product_cat","embeddable":true,"href":"https:\/\/ferreya.cl\/index.php\/wp-json\/wp\/v2\/product_cat?post=360"},{"taxonomy":"product_tag","embeddable":true,"href":"https:\/\/ferreya.cl\/index.php\/wp-json\/wp\/v2\/product_tag?post=360"}],"curies":[{"name":"wp","href":"https:\/\/api.w.org\/{rel}","templated":true}]}}