{"id":319,"date":"2024-02-15T13:10:15","date_gmt":"2024-02-15T13:10:15","guid":{"rendered":"https:\/\/ferreya.cl\/?post_type=product&#038;p=319"},"modified":"2026-03-28T18:39:00","modified_gmt":"2026-03-28T18:39:00","slug":"set-2-aireadores-griferia-bano-y-cocina","status":"publish","type":"product","link":"https:\/\/ferreya.cl\/index.php\/producto\/set-2-aireadores-griferia-bano-y-cocina\/","title":{"rendered":"Set 2 aireadores grifer\u00eda ba\u00f1o y cocina"},"content":{"rendered":"<p>Aireador cocina M22mm carcaza pl\u00e1stico ABS<\/p>\n<div class=\"container\">\n<section class=\"section--has-sidebar-option is-flex is-flex-wrap has-padding-top\">\n<div id=\"shopify-section-product-template\" class=\"shopify-section shopify-section--product-template has-sidebar-option\">\n<div class=\"one-whole column product-6536346173612\">\n<div class=\"product product-name--aireador-griferia-de-cocina product_section js-product_section is-flex media-position--left\" data-rv-handle=\"aireador-griferia-de-cocina\">\n<div class=\"two-fifths columns medium-down--one-whole\">\n<div class=\"description bottom\">\n<div class=\"desktop description-tabs\">\n<div id=\"tab-0\" class=\"product-single__description\">\n<div class=\"container\">\n<section class=\"section--has-sidebar-option is-flex is-flex-wrap has-padding-top\">\n<div id=\"shopify-section-product-template\" class=\"shopify-section shopify-section--product-template has-sidebar-option\">\n<div class=\"one-whole column product-6536342995116\">\n<div class=\"product product-name--set-2-aireadores-griferia-bano-y-cocina product_section js-product_section is-flex media-position--left\" data-rv-handle=\"set-2-aireadores-griferia-bano-y-cocina\">\n<div class=\"two-fifths columns medium-down--one-whole\">\n<div class=\"description bottom\">\n<div class=\"desktop description-tabs\">\n<div id=\"tab-0\" class=\"product-single__description\">\n<p>Aireador para ba\u00f1o M24mm carcaza pl\u00e1stico ABS<\/p>\n<p>Calce por Rosca<\/p>\n<p>Terminaci\u00f3n Cromo<\/p>\n<\/div>\n<\/div>\n<\/div>\n<\/div>\n<\/div>\n<div class=\"meta\">Marca: Stretto<\/div>\n<\/div>\n<\/div>\n<\/section>\n<\/div>\n<\/div>\n<\/div>\n<\/div>\n<\/div>\n<\/div>\n<\/div>\n<\/div>\n<\/section>\n<\/div>\n","protected":false},"excerpt":{"rendered":"<p>Precio incluye IVA<\/p>\n<p>No incluye costo de env\u00edo<\/p>\n<p>Puede Retirar en Zenteno 934 Local 9, Santiago Centro<\/p>\n<p>Despacho directo <strong>solo a Santiago Centro por 4.990<\/strong><\/p>\n","protected":false},"featured_media":320,"comment_status":"open","ping_status":"closed","template":"","meta":[],"product_brand":[],"product_cat":[26],"product_tag":[],"class_list":{"0":"post-319","1":"product","2":"type-product","3":"status-publish","4":"has-post-thumbnail","6":"product_cat-griferia","8":"first","9":"outofstock","10":"shipping-taxable","11":"purchasable","12":"product-type-simple"},"_links":{"self":[{"href":"https:\/\/ferreya.cl\/index.php\/wp-json\/wp\/v2\/product\/319","targetHints":{"allow":["GET"]}}],"collection":[{"href":"https:\/\/ferreya.cl\/index.php\/wp-json\/wp\/v2\/product"}],"about":[{"href":"https:\/\/ferreya.cl\/index.php\/wp-json\/wp\/v2\/types\/product"}],"replies":[{"embeddable":true,"href":"https:\/\/ferreya.cl\/index.php\/wp-json\/wp\/v2\/comments?post=319"}],"wp:featuredmedia":[{"embeddable":true,"href":"https:\/\/ferreya.cl\/index.php\/wp-json\/wp\/v2\/media\/320"}],"wp:attachment":[{"href":"https:\/\/ferreya.cl\/index.php\/wp-json\/wp\/v2\/media?parent=319"}],"wp:term":[{"taxonomy":"product_brand","embeddable":true,"href":"https:\/\/ferreya.cl\/index.php\/wp-json\/wp\/v2\/product_brand?post=319"},{"taxonomy":"product_cat","embeddable":true,"href":"https:\/\/ferreya.cl\/index.php\/wp-json\/wp\/v2\/product_cat?post=319"},{"taxonomy":"product_tag","embeddable":true,"href":"https:\/\/ferreya.cl\/index.php\/wp-json\/wp\/v2\/product_tag?post=319"}],"curies":[{"name":"wp","href":"https:\/\/api.w.org\/{rel}","templated":true}]}}