{"id":301,"date":"2024-02-12T17:04:45","date_gmt":"2024-02-12T17:04:45","guid":{"rendered":"https:\/\/ferreya.cl\/?post_type=product&#038;p=301"},"modified":"2026-03-28T19:08:35","modified_gmt":"2026-03-28T19:08:35","slug":"rodillo-mini-roller-esponja-de-10cm","status":"publish","type":"product","link":"https:\/\/ferreya.cl\/index.php\/producto\/rodillo-mini-roller-esponja-de-10cm\/","title":{"rendered":"Rodillo Mini Roller Esponja Lizcal10cm"},"content":{"rendered":"<p>Esponja 100% poliuretano<\/p>\n<div id=\"datos\">\n<div class=\"caracteristicas\">\n<p>Mango Pl\u00e1stico Anat\u00f3mico<\/p>\n<p>Recomendado Para Superficies Lisas<\/p>\n<p>Para pintar \u00e1reas peque\u00f1as o dif\u00edciles de acceder<\/p>\n<p>Pintura al agua<\/p>\n<\/div>\n<\/div>\n<p>No resiste a solventes<\/p>\n<p>&nbsp;<\/p>\n<p>&nbsp;<\/p>\n<p>&nbsp;<\/p>\n","protected":false},"excerpt":{"rendered":"<p>Precio incluye IVA<\/p>\n<p>No incluye costo de env\u00edo<\/p>\n<p>Puede Retirar en Zenteno 934 Local 9, Santiago Centro<\/p>\n<p>Despacho directo <strong>solo a Santiago Centro por 4.990<\/strong><\/p>\n","protected":false},"featured_media":302,"comment_status":"open","ping_status":"closed","template":"","meta":[],"product_brand":[],"product_cat":[37],"product_tag":[],"class_list":{"0":"post-301","1":"product","2":"type-product","3":"status-publish","4":"has-post-thumbnail","6":"product_cat-espuma-poliester","8":"first","9":"instock","10":"shipping-taxable","11":"purchasable","12":"product-type-simple"},"_links":{"self":[{"href":"https:\/\/ferreya.cl\/index.php\/wp-json\/wp\/v2\/product\/301","targetHints":{"allow":["GET"]}}],"collection":[{"href":"https:\/\/ferreya.cl\/index.php\/wp-json\/wp\/v2\/product"}],"about":[{"href":"https:\/\/ferreya.cl\/index.php\/wp-json\/wp\/v2\/types\/product"}],"replies":[{"embeddable":true,"href":"https:\/\/ferreya.cl\/index.php\/wp-json\/wp\/v2\/comments?post=301"}],"wp:featuredmedia":[{"embeddable":true,"href":"https:\/\/ferreya.cl\/index.php\/wp-json\/wp\/v2\/media\/302"}],"wp:attachment":[{"href":"https:\/\/ferreya.cl\/index.php\/wp-json\/wp\/v2\/media?parent=301"}],"wp:term":[{"taxonomy":"product_brand","embeddable":true,"href":"https:\/\/ferreya.cl\/index.php\/wp-json\/wp\/v2\/product_brand?post=301"},{"taxonomy":"product_cat","embeddable":true,"href":"https:\/\/ferreya.cl\/index.php\/wp-json\/wp\/v2\/product_cat?post=301"},{"taxonomy":"product_tag","embeddable":true,"href":"https:\/\/ferreya.cl\/index.php\/wp-json\/wp\/v2\/product_tag?post=301"}],"curies":[{"name":"wp","href":"https:\/\/api.w.org\/{rel}","templated":true}]}}