{"id":22,"date":"2024-01-23T18:17:21","date_gmt":"2024-01-23T18:17:21","guid":{"rendered":"https:\/\/ferreya.cl\/index.php\/carrito\/"},"modified":"2025-12-01T14:42:54","modified_gmt":"2025-12-01T14:42:54","slug":"carrito","status":"publish","type":"page","link":"https:\/\/ferreya.cl\/index.php\/carrito\/","title":{"rendered":"Carrito"},"content":{"rendered":"<style>.elementor-22 .elementor-element.elementor-element-bd50c1e{--display:flex;--flex-direction:column;--container-widget-width:100%;--container-widget-height:initial;--container-widget-flex-grow:0;--container-widget-align-self:initial;--flex-wrap-mobile:wrap;--margin-top:100px;--margin-bottom:0px;--margin-left:0px;--margin-right:0px;}.elementor-22 .elementor-element.elementor-element-eecae55{--display:flex;--flex-direction:column;--container-widget-width:calc( ( 1 - var( --container-widget-flex-grow ) ) * 100% );--container-widget-height:initial;--container-widget-flex-grow:0;--container-widget-align-self:initial;--flex-wrap-mobile:wrap;--justify-content:center;--align-items:flex-start;--margin-top:30px;--margin-bottom:100px;--margin-left:0px;--margin-right:0px;}:root{--page-title-display:none;}<\/style>\t\t<div data-elementor-type=\"wp-page\" data-elementor-id=\"22\" class=\"elementor elementor-22\" data-elementor-post-type=\"page\">\n\t\t\t\t<div class=\"elementor-element elementor-element-bd50c1e e-flex e-con-boxed e-con e-parent\" data-id=\"bd50c1e\" data-element_type=\"container\">\n\t\t\t\t\t<div class=\"e-con-inner\">\n\t\t\t\t<div class=\"elementor-element elementor-element-3f42fe2 elementor-widget elementor-widget-heading\" data-id=\"3f42fe2\" data-element_type=\"widget\" data-widget_type=\"heading.default\">\n\t\t\t\t<div class=\"elementor-widget-container\">\n\t\t\t\t\t<h2 class=\"elementor-heading-title elementor-size-default\">Carrito de compra<\/h2>\t\t\t\t<\/div>\n\t\t\t\t<\/div>\n\t\t\t\t\t<\/div>\n\t\t\t\t<\/div>\n\t\t<div class=\"elementor-element elementor-element-eecae55 e-flex e-con-boxed e-con e-parent\" data-id=\"eecae55\" data-element_type=\"container\">\n\t\t\t\t\t<div class=\"e-con-inner\">\n\t\t\t\t\t<\/div>\n\t\t\t\t<\/div>\n\t\t\t\t<\/div>\n\t\t","protected":false},"excerpt":{"rendered":"<p>Carrito de compra Eliminar art\u00edculo Imagen en miniatura Producto Precio Cantidad Subtotal &times; Monomando Lavaplatos Dakota &#36;10.000 Monomando Lavaplatos Dakota cantidad &#36;10.000 &times; Maneral Ducha Desmontable &#36;6.180 Maneral Ducha Desmontable cantidad &#36;6.180 Actualizar Totales Subtotal &#36;16.180 Env\u00edo No se han encontrado opciones de env\u00edo para Santo Domingo. Introduce una direcci\u00f3n diferente Pa\u00eds \/ Regi\u00f3n Selecciona [&hellip;]<\/p>\n","protected":false},"author":1,"featured_media":0,"parent":0,"menu_order":0,"comment_status":"closed","ping_status":"closed","template":"","meta":{"footnotes":""},"class_list":["post-22","page","type-page","status-publish","hentry"],"_links":{"self":[{"href":"https:\/\/ferreya.cl\/index.php\/wp-json\/wp\/v2\/pages\/22","targetHints":{"allow":["GET"]}}],"collection":[{"href":"https:\/\/ferreya.cl\/index.php\/wp-json\/wp\/v2\/pages"}],"about":[{"href":"https:\/\/ferreya.cl\/index.php\/wp-json\/wp\/v2\/types\/page"}],"author":[{"embeddable":true,"href":"https:\/\/ferreya.cl\/index.php\/wp-json\/wp\/v2\/users\/1"}],"replies":[{"embeddable":true,"href":"https:\/\/ferreya.cl\/index.php\/wp-json\/wp\/v2\/comments?post=22"}],"version-history":[{"count":15,"href":"https:\/\/ferreya.cl\/index.php\/wp-json\/wp\/v2\/pages\/22\/revisions"}],"predecessor-version":[{"id":881,"href":"https:\/\/ferreya.cl\/index.php\/wp-json\/wp\/v2\/pages\/22\/revisions\/881"}],"wp:attachment":[{"href":"https:\/\/ferreya.cl\/index.php\/wp-json\/wp\/v2\/media?parent=22"}],"curies":[{"name":"wp","href":"https:\/\/api.w.org\/{rel}","templated":true}]}}